{"id":24,"date":"2023-12-07T10:20:19","date_gmt":"2023-12-07T10:20:19","guid":{"rendered":"https:\/\/web4.rkinformatika.net\/gestionesaio\/?page_id=24"},"modified":"2023-12-07T16:34:22","modified_gmt":"2023-12-07T16:34:22","slug":"servicios","status":"publish","type":"page","link":"https:\/\/gestionesaio.com\/eu\/servicios\/","title":{"rendered":"Zerbitzuak"},"content":{"rendered":"<div data-elementor-type=\"wp-page\" data-elementor-id=\"24\" class=\"elementor elementor-24\" data-elementor-post-type=\"page\">\n\t\t\t\t<div class=\"elementor-element elementor-element-4dbe492 e-flex e-con-boxed e-con e-parent\" data-id=\"4dbe492\" data-element_type=\"container\" data-settings=\"{&quot;background_background&quot;:&quot;classic&quot;}\">\n\t\t\t\t\t<div class=\"e-con-inner\">\n\t\t\t\t\t<\/div>\n\t\t\t\t<\/div>\n\t\t\t\t<section class=\"elementor-section elementor-top-section elementor-element elementor-element-0ece3be elementor-section-full_width elementor-section-height-default elementor-section-height-default\" data-id=\"0ece3be\" data-element_type=\"section\">\n\t\t\t\t\t\t<div class=\"elementor-container elementor-column-gap-default\">\n\t\t\t\t\t<div class=\"elementor-column elementor-col-33 elementor-top-column elementor-element elementor-element-c411acf\" data-id=\"c411acf\" data-element_type=\"column\">\n\t\t\t<div class=\"elementor-widget-wrap elementor-element-populated\">\n\t\t\t\t\t\t<div class=\"elementor-element elementor-element-c0af941 elementor-widget-divider--view-line elementor-widget elementor-widget-divider\" data-id=\"c0af941\" data-element_type=\"widget\" data-widget_type=\"divider.default\">\n\t\t\t\t<div class=\"elementor-widget-container\">\n\t\t\t\t\t\t\t<div class=\"elementor-divider\">\n\t\t\t<span class=\"elementor-divider-separator\">\n\t\t\t\t\t\t<\/span>\n\t\t<\/div>\n\t\t\t\t\t\t<\/div>\n\t\t\t\t<\/div>\n\t\t\t\t\t<\/div>\n\t\t<\/div>\n\t\t\t\t<div class=\"elementor-column elementor-col-33 elementor-top-column elementor-element elementor-element-611e1cc\" data-id=\"611e1cc\" data-element_type=\"column\">\n\t\t\t<div class=\"elementor-widget-wrap elementor-element-populated\">\n\t\t\t\t\t\t<div class=\"elementor-element elementor-element-8e4b9c5 elementor-widget elementor-widget-heading\" data-id=\"8e4b9c5\" data-element_type=\"widget\" data-widget_type=\"heading.default\">\n\t\t\t\t<div class=\"elementor-widget-container\">\n\t\t\t\t\t<h2 class=\"elementor-heading-title elementor-size-default\">SERVICIOS<\/h2>\t\t\t\t<\/div>\n\t\t\t\t<\/div>\n\t\t\t\t\t<\/div>\n\t\t<\/div>\n\t\t\t\t<div class=\"elementor-column elementor-col-33 elementor-top-column elementor-element elementor-element-1904e1e\" data-id=\"1904e1e\" data-element_type=\"column\">\n\t\t\t<div class=\"elementor-widget-wrap elementor-element-populated\">\n\t\t\t\t\t\t<div class=\"elementor-element elementor-element-8991fc3 elementor-widget-divider--view-line elementor-widget elementor-widget-divider\" data-id=\"8991fc3\" data-element_type=\"widget\" data-widget_type=\"divider.default\">\n\t\t\t\t<div class=\"elementor-widget-container\">\n\t\t\t\t\t\t\t<div class=\"elementor-divider\">\n\t\t\t<span class=\"elementor-divider-separator\">\n\t\t\t\t\t\t<\/span>\n\t\t<\/div>\n\t\t\t\t\t\t<\/div>\n\t\t\t\t<\/div>\n\t\t\t\t\t<\/div>\n\t\t<\/div>\n\t\t\t\t\t<\/div>\n\t\t<\/section>\n\t\t<div class=\"elementor-element elementor-element-94d8638 e-flex e-con-boxed e-con e-parent\" data-id=\"94d8638\" data-element_type=\"container\" id=\"laboral\">\n\t\t\t\t\t<div class=\"e-con-inner\">\n\t\t<div class=\"elementor-element elementor-element-e778c0d e-con-full e-flex e-con e-child\" data-id=\"e778c0d\" data-element_type=\"container\" data-settings=\"{&quot;background_background&quot;:&quot;classic&quot;}\">\n\t\t\t\t<\/div>\n\t\t<div class=\"elementor-element elementor-element-f781db0 e-con-full e-flex e-con e-child\" data-id=\"f781db0\" data-element_type=\"container\">\n\t\t\t\t<div class=\"elementor-element elementor-element-ed4ebc0 elementor-widget elementor-widget-heading\" data-id=\"ed4ebc0\" data-element_type=\"widget\" data-widget_type=\"heading.default\">\n\t\t\t\t<div class=\"elementor-widget-container\">\n\t\t\t\t\t<h2 class=\"elementor-heading-title elementor-size-default\">Lanekoa<\/h2>\t\t\t\t<\/div>\n\t\t\t\t<\/div>\n\t\t\t\t<div class=\"elementor-element elementor-element-985d2e2 elementor-widget elementor-widget-text-editor\" data-id=\"985d2e2\" data-element_type=\"widget\" data-widget_type=\"text-editor.default\">\n\t\t\t\t<div class=\"elementor-widget-container\">\n\t\t\t\t\t\t\t\t\t<p>Delega en nosotros toda tu gesti\u00f3n de n\u00f3minas y contratos y todos los tr\u00e1mites laborales (INEM, Seguridad Social..).<br \/>Tendr\u00e1s toda la informaci\u00f3n que necesitas siempre actualizada y disponible :<br \/>\u2022 N\u00f3minas<br \/>\u2022 Contratos<br \/>\u2022 Altas, bajas y modificaciones de contratos<br \/>\u2022 Comunicaciones de contratos en el INEM<br \/>\u2022 Seguros Sociales<br \/>\u2022 Bonificaciones de la Seguridad Social<br \/><br \/>T\u00fa nos env\u00edas los documentos y tu asesor\u00a0 se encarga de hacer todas las gestiones necesarias y archivarla digitalmente. De esta manera los documentos originales nunca salen de tu oficina.<br \/>Cuando corresponde preparamos los documentos laborales que se precise necesarios seg\u00fan el perfil de tu empresa.<br \/>Tu asesor est\u00e1 siempre disponible para que le realices cualquier consulta que necesites. \u00c9l te ayudar\u00e1 a optimizar tu gesti\u00f3n laboral y a conseguir los ahorros y subvenciones disponibles, seg\u00fan tu estructura.<\/p>\t\t\t\t\t\t\t\t<\/div>\n\t\t\t\t<\/div>\n\t\t\t\t<\/div>\n\t\t\t\t\t<\/div>\n\t\t\t\t<\/div>\n\t\t<div class=\"elementor-element elementor-element-55e9014 elementor-hidden-mobile e-flex e-con-boxed e-con e-parent\" data-id=\"55e9014\" data-element_type=\"container\" id=\"fiscal\" data-settings=\"{&quot;background_background&quot;:&quot;classic&quot;}\">\n\t\t\t\t\t<div class=\"e-con-inner\">\n\t\t<div class=\"elementor-element elementor-element-775da9d e-con-full e-flex e-con e-child\" data-id=\"775da9d\" data-element_type=\"container\">\n\t\t\t\t<div class=\"elementor-element elementor-element-e7bf34b elementor-widget elementor-widget-heading\" data-id=\"e7bf34b\" data-element_type=\"widget\" data-widget_type=\"heading.default\">\n\t\t\t\t<div class=\"elementor-widget-container\">\n\t\t\t\t\t<h2 class=\"elementor-heading-title elementor-size-default\">Fiskala<\/h2>\t\t\t\t<\/div>\n\t\t\t\t<\/div>\n\t\t\t\t<div class=\"elementor-element elementor-element-8fb7dc3 elementor-widget elementor-widget-text-editor\" data-id=\"8fb7dc3\" data-element_type=\"widget\" data-widget_type=\"text-editor.default\">\n\t\t\t\t<div class=\"elementor-widget-container\">\n\t\t\t\t\t\t\t\t\t<p>&#8211; Confecci\u00f3n de declaraciones de Renta y Patrimonio, Impuesto de Sociedades, presentaci\u00f3n de Cuentas Anuales, pagos fraccionados, IVA, Transmisiones, Herencias, Donaciones.<br \/><br \/>&#8211; Actuaciones ante la AEAT: Gesti\u00f3n Tributaria, Recaudaci\u00f3n e Inspecci\u00f3n, Transmisiones, Sucesiones, Donaciones.<\/p>\t\t\t\t\t\t\t\t<\/div>\n\t\t\t\t<\/div>\n\t\t\t\t<\/div>\n\t\t<div class=\"elementor-element elementor-element-cfab6f6 e-con-full e-flex e-con e-child\" data-id=\"cfab6f6\" data-element_type=\"container\" data-settings=\"{&quot;background_background&quot;:&quot;classic&quot;}\">\n\t\t\t\t<\/div>\n\t\t\t\t\t<\/div>\n\t\t\t\t<\/div>\n\t\t<div class=\"elementor-element elementor-element-ca3cc00 elementor-hidden-desktop elementor-hidden-tablet e-flex e-con-boxed e-con e-parent\" data-id=\"ca3cc00\" data-element_type=\"container\" data-settings=\"{&quot;background_background&quot;:&quot;classic&quot;}\">\n\t\t\t\t\t<div class=\"e-con-inner\">\n\t\t<div class=\"elementor-element elementor-element-147857b e-con-full e-flex e-con e-child\" data-id=\"147857b\" data-element_type=\"container\" data-settings=\"{&quot;background_background&quot;:&quot;classic&quot;}\">\n\t\t\t\t<\/div>\n\t\t<div class=\"elementor-element elementor-element-064079d e-con-full e-flex e-con e-child\" data-id=\"064079d\" data-element_type=\"container\">\n\t\t\t\t<div class=\"elementor-element elementor-element-7e7a816 elementor-widget elementor-widget-heading\" data-id=\"7e7a816\" data-element_type=\"widget\" data-widget_type=\"heading.default\">\n\t\t\t\t<div class=\"elementor-widget-container\">\n\t\t\t\t\t<h2 class=\"elementor-heading-title elementor-size-default\">Fiskala<\/h2>\t\t\t\t<\/div>\n\t\t\t\t<\/div>\n\t\t\t\t<div class=\"elementor-element elementor-element-b767f19 elementor-widget elementor-widget-text-editor\" data-id=\"b767f19\" data-element_type=\"widget\" data-widget_type=\"text-editor.default\">\n\t\t\t\t<div class=\"elementor-widget-container\">\n\t\t\t\t\t\t\t\t\t<p>&#8211; Confecci\u00f3n de declaraciones de Renta y Patrimonio, Impuesto de Sociedades, presentaci\u00f3n de Cuentas Anuales, pagos fraccionados, IVA, Transmisiones, Herencias, Donaciones.<br \/><br \/>&#8211; Actuaciones ante la AEAT: Gesti\u00f3n Tributaria, Recaudaci\u00f3n e Inspecci\u00f3n, Transmisiones, Sucesiones, Donaciones.<\/p>\t\t\t\t\t\t\t\t<\/div>\n\t\t\t\t<\/div>\n\t\t\t\t<\/div>\n\t\t\t\t\t<\/div>\n\t\t\t\t<\/div>\n\t\t<div class=\"elementor-element elementor-element-2a27e04 e-flex e-con-boxed e-con e-parent\" data-id=\"2a27e04\" data-element_type=\"container\" id=\"contabilidad\">\n\t\t\t\t\t<div class=\"e-con-inner\">\n\t\t<div class=\"elementor-element elementor-element-8bb7d14 e-con-full e-flex e-con e-child\" data-id=\"8bb7d14\" data-element_type=\"container\" data-settings=\"{&quot;background_background&quot;:&quot;classic&quot;}\">\n\t\t\t\t<\/div>\n\t\t<div class=\"elementor-element elementor-element-148aab6 e-con-full e-flex e-con e-child\" data-id=\"148aab6\" data-element_type=\"container\">\n\t\t\t\t<div class=\"elementor-element elementor-element-94366e1 elementor-widget elementor-widget-heading\" data-id=\"94366e1\" data-element_type=\"widget\" data-widget_type=\"heading.default\">\n\t\t\t\t<div class=\"elementor-widget-container\">\n\t\t\t\t\t<h2 class=\"elementor-heading-title elementor-size-default\">Kontabilitatea<\/h2>\t\t\t\t<\/div>\n\t\t\t\t<\/div>\n\t\t\t\t<div class=\"elementor-element elementor-element-9fee183 elementor-widget elementor-widget-text-editor\" data-id=\"9fee183\" data-element_type=\"widget\" data-widget_type=\"text-editor.default\">\n\t\t\t\t<div class=\"elementor-widget-container\">\n\t\t\t\t\t\t\t\t\t<p class=\"bd-textblock-26 bd-content-element\">Nos encargamos de la contabilidad de tu empresa y de la gesti\u00f3n de todas sus obligaciones fiscales.<br \/>Tendr\u00e1s toda la informaci\u00f3n que necesitas siempre actualizada y disponible :<br \/>\u2022 Balance de Situaci\u00f3n<br \/>\u2022 Balance de Sumas y Saldos<br \/>\u2022 Cuenta de P\u00e9rdidas y Ganancias<br \/>\u2022 Libro Diario y Libro Mayor<br \/>\u2022 Libro de Facturas Recibidas y Emitidas<br \/>\u2022 Facturas digitalizadas<br \/>\u2022 Modelos fiscales presentados<br \/>\u25e6 IVA<br \/>\u25e6 IRPF<br \/>\u25e6 Sociedades<br \/>\u25e6 Pagos a cuenta\u2026<br \/>T\u00fa nos env\u00edas la documentaci\u00f3n y tu asesor se encarga de contabilizarla y archivarla digitalmente. De esta manera la informaci\u00f3n permanece siempre disponible a trav\u00e9s de Internet, pero las facturas originales nunca salen de tu oficina.<br \/>Cuando corresponde preparamos los modelos fiscales necesarios seg\u00fan las obligaciones de tu empresa y gestionamos la presentaci\u00f3n telem\u00e1tica de los mismos.<br \/>Tu asesor est\u00e1 siempre disponible para que le realices cualquier consulta que necesites. \u00c9l te ayudar\u00e1 a optimizar tu gesti\u00f3n contable y a conseguir ahorros fiscales.<\/p>\t\t\t\t\t\t\t\t<\/div>\n\t\t\t\t<\/div>\n\t\t\t\t<\/div>\n\t\t\t\t\t<\/div>\n\t\t\t\t<\/div>\n\t\t<div class=\"elementor-element elementor-element-8c1767c elementor-hidden-mobile e-flex e-con-boxed e-con e-parent\" data-id=\"8c1767c\" data-element_type=\"container\" id=\"autonomos\" data-settings=\"{&quot;background_background&quot;:&quot;classic&quot;}\">\n\t\t\t\t\t<div class=\"e-con-inner\">\n\t\t<div class=\"elementor-element elementor-element-e2343fc e-con-full e-flex e-con e-child\" data-id=\"e2343fc\" data-element_type=\"container\">\n\t\t\t\t<div class=\"elementor-element elementor-element-838db7d elementor-widget elementor-widget-heading\" data-id=\"838db7d\" data-element_type=\"widget\" data-widget_type=\"heading.default\">\n\t\t\t\t<div class=\"elementor-widget-container\">\n\t\t\t\t\t<h2 class=\"elementor-heading-title elementor-size-default\">Autonomoak\n<\/h2>\t\t\t\t<\/div>\n\t\t\t\t<\/div>\n\t\t\t\t<div class=\"elementor-element elementor-element-35838ea elementor-widget elementor-widget-text-editor\" data-id=\"35838ea\" data-element_type=\"widget\" data-widget_type=\"text-editor.default\">\n\t\t\t\t<div class=\"elementor-widget-container\">\n\t\t\t\t\t\t\t\t\t<p>Tipos de aut\u00f3nomos:<br \/>&#8211; Aut\u00f3nomo individual o profesional aut\u00f3nomo: realiza su actividad principal directa y personalmente de forma independiente. Se englobar\u00edan en este tipo los fontaneros, taxistas, electricistas, etc.<br \/>&#8211; Empresario aut\u00f3nomo o aut\u00f3nomo con trabajadores: Adem\u00e1s de participar directa y activamente en la actividad el aut\u00f3nomo se encarga de dirigir una organizaci\u00f3n productiva.<br \/>&#8211; Trabajador aut\u00f3nomo dependiente: Realiza su actividad para un n\u00famero reducido de clientes. Por su dedicaci\u00f3n, horarios o retribuci\u00f3n su trabajo tiene el caracter de dependiente.<br \/>Los tres tipos de aut\u00f3nomos se deben inscribir igualmente en el RETA.<br \/><br \/>Ventajas<br \/>&#8211; No se adquiere personalidad jur\u00eddica sino f\u00edsica, por lo que los tr\u00e1mites se reducen bastante y los costes (notario, registros, etc) tambi\u00e9n.<br \/>&#8211; No exige un capital m\u00ednimo como los 3.000 de la Sociedad Limitada o los 60.000 de la Sociedad An\u00f3nima.<br \/>&#8211; Las obligaciones fiscales son m\u00e1s simples que para cualquier tipo de sociedad.<br \/><br \/>Inconvenientes<br \/>&#8211; Las deudas y obligaciones del negocio se asumen con los bienes personales, y en caso de estar casado en r\u00e9gimen de gananciales tambi\u00e9n con los del c\u00f3nyuge.<br \/>&#8211; El beneficio obtenido tributa por Impuesto sobre la Renta de las Personas F\u00edsicas (IRPF), por lo que puede llegarse a tributar por un tipo m\u00e1s elevado del que tocar\u00eda por Impuesto de Sociedades<\/p>\t\t\t\t\t\t\t\t<\/div>\n\t\t\t\t<\/div>\n\t\t\t\t<\/div>\n\t\t<div class=\"elementor-element elementor-element-11d6a34 e-con-full e-flex e-con e-child\" data-id=\"11d6a34\" data-element_type=\"container\" data-settings=\"{&quot;background_background&quot;:&quot;classic&quot;}\">\n\t\t\t\t<\/div>\n\t\t\t\t\t<\/div>\n\t\t\t\t<\/div>\n\t\t<div class=\"elementor-element elementor-element-9cd1ff1 elementor-hidden-desktop elementor-hidden-tablet e-flex e-con-boxed e-con e-parent\" data-id=\"9cd1ff1\" data-element_type=\"container\" data-settings=\"{&quot;background_background&quot;:&quot;classic&quot;}\">\n\t\t\t\t\t<div class=\"e-con-inner\">\n\t\t<div class=\"elementor-element elementor-element-accb0e3 e-con-full e-flex e-con e-child\" data-id=\"accb0e3\" data-element_type=\"container\" data-settings=\"{&quot;background_background&quot;:&quot;classic&quot;}\">\n\t\t\t\t<\/div>\n\t\t<div class=\"elementor-element elementor-element-4e2ef95 e-con-full e-flex e-con e-child\" data-id=\"4e2ef95\" data-element_type=\"container\">\n\t\t\t\t<div class=\"elementor-element elementor-element-d0fc9ca elementor-widget elementor-widget-heading\" data-id=\"d0fc9ca\" data-element_type=\"widget\" data-widget_type=\"heading.default\">\n\t\t\t\t<div class=\"elementor-widget-container\">\n\t\t\t\t\t<h2 class=\"elementor-heading-title elementor-size-default\">Autonomoak\n<\/h2>\t\t\t\t<\/div>\n\t\t\t\t<\/div>\n\t\t\t\t<div class=\"elementor-element elementor-element-7a2e1dc elementor-widget elementor-widget-text-editor\" data-id=\"7a2e1dc\" data-element_type=\"widget\" data-widget_type=\"text-editor.default\">\n\t\t\t\t<div class=\"elementor-widget-container\">\n\t\t\t\t\t\t\t\t\t<p>Tipos de aut\u00f3nomos:<br \/>&#8211; Aut\u00f3nomo individual o profesional aut\u00f3nomo: realiza su actividad principal directa y personalmente de forma independiente. Se englobar\u00edan en este tipo los fontaneros, taxistas, electricistas, etc.<br \/>&#8211; Empresario aut\u00f3nomo o aut\u00f3nomo con trabajadores: Adem\u00e1s de participar directa y activamente en la actividad el aut\u00f3nomo se encarga de dirigir una organizaci\u00f3n productiva.<br \/>&#8211; Trabajador aut\u00f3nomo dependiente: Realiza su actividad para un n\u00famero reducido de clientes. Por su dedicaci\u00f3n, horarios o retribuci\u00f3n su trabajo tiene el caracter de dependiente.<br \/>Los tres tipos de aut\u00f3nomos se deben inscribir igualmente en el RETA.<br \/><br \/>Ventajas<br \/>&#8211; No se adquiere personalidad jur\u00eddica sino f\u00edsica, por lo que los tr\u00e1mites se reducen bastante y los costes (notario, registros, etc) tambi\u00e9n.<br \/>&#8211; No exige un capital m\u00ednimo como los 3.000 de la Sociedad Limitada o los 60.000 de la Sociedad An\u00f3nima.<br \/>&#8211; Las obligaciones fiscales son m\u00e1s simples que para cualquier tipo de sociedad.<br \/><br \/>Inconvenientes<br \/>&#8211; Las deudas y obligaciones del negocio se asumen con los bienes personales, y en caso de estar casado en r\u00e9gimen de gananciales tambi\u00e9n con los del c\u00f3nyuge.<br \/>&#8211; El beneficio obtenido tributa por Impuesto sobre la Renta de las Personas F\u00edsicas (IRPF), por lo que puede llegarse a tributar por un tipo m\u00e1s elevado del que tocar\u00eda por Impuesto de Sociedades<\/p>\t\t\t\t\t\t\t\t<\/div>\n\t\t\t\t<\/div>\n\t\t\t\t<\/div>\n\t\t\t\t\t<\/div>\n\t\t\t\t<\/div>\n\t\t\t\t<\/div>","protected":false},"excerpt":{"rendered":"<p>SERVICIOS Laboral Delega en nosotros toda tu gesti\u00f3n de n\u00f3minas y contratos y todos los tr\u00e1mites laborales (INEM, Seguridad Social..).Tendr\u00e1s toda la informaci\u00f3n que necesitas siempre actualizada y disponible :\u2022 N\u00f3minas\u2022 Contratos\u2022 Altas, bajas y modificaciones de contratos\u2022 Comunicaciones de contratos en el INEM\u2022 Seguros Sociales\u2022 Bonificaciones de la Seguridad Social T\u00fa nos env\u00edas los [&hellip;]<\/p>","protected":false},"author":1,"featured_media":0,"parent":0,"menu_order":0,"comment_status":"closed","ping_status":"closed","template":"","meta":{"footnotes":""},"class_list":["post-24","page","type-page","status-publish","hentry"],"yoast_head":"<!-- This site is optimized with the Yoast SEO plugin v25.9 - https:\/\/yoast.com\/wordpress\/plugins\/seo\/ -->\n<title>Servicios - AIO Asesor\u00eda<\/title>\n<meta name=\"robots\" content=\"index, follow, max-snippet:-1, max-image-preview:large, max-video-preview:-1\" \/>\n<link rel=\"canonical\" href=\"https:\/\/gestionesaio.com\/eu\/servicios\/\" \/>\n<meta property=\"og:locale\" content=\"en_US\" \/>\n<meta property=\"og:type\" content=\"article\" \/>\n<meta property=\"og:title\" content=\"Servicios - AIO Asesor\u00eda\" \/>\n<meta property=\"og:description\" content=\"SERVICIOS Laboral Delega en nosotros toda tu gesti\u00f3n de n\u00f3minas y contratos y todos los tr\u00e1mites laborales (INEM, Seguridad Social..).Tendr\u00e1s toda la informaci\u00f3n que necesitas siempre actualizada y disponible :\u2022 N\u00f3minas\u2022 Contratos\u2022 Altas, bajas y modificaciones de contratos\u2022 Comunicaciones de contratos en el INEM\u2022 Seguros Sociales\u2022 Bonificaciones de la Seguridad Social T\u00fa nos env\u00edas los [&hellip;]\" \/>\n<meta property=\"og:url\" content=\"https:\/\/gestionesaio.com\/eu\/servicios\/\" \/>\n<meta property=\"og:site_name\" content=\"AIO Asesor\u00eda\" \/>\n<meta property=\"article:modified_time\" content=\"2023-12-07T16:34:22+00:00\" \/>\n<meta name=\"twitter:card\" content=\"summary_large_image\" \/>\n<meta name=\"twitter:label1\" content=\"Est. reading time\" \/>\n\t<meta name=\"twitter:data1\" content=\"4 minutua\" \/>\n<script type=\"application\/ld+json\" class=\"yoast-schema-graph\">{\"@context\":\"https:\/\/schema.org\",\"@graph\":[{\"@type\":\"WebPage\",\"@id\":\"https:\/\/gestionesaio.com\/servicios\/\",\"url\":\"https:\/\/gestionesaio.com\/servicios\/\",\"name\":\"Servicios - AIO Asesor\u00eda\",\"isPartOf\":{\"@id\":\"https:\/\/gestionesaio.com\/#website\"},\"datePublished\":\"2023-12-07T10:20:19+00:00\",\"dateModified\":\"2023-12-07T16:34:22+00:00\",\"breadcrumb\":{\"@id\":\"https:\/\/gestionesaio.com\/servicios\/#breadcrumb\"},\"inLanguage\":\"eu\",\"potentialAction\":[{\"@type\":\"ReadAction\",\"target\":[\"https:\/\/gestionesaio.com\/servicios\/\"]}]},{\"@type\":\"BreadcrumbList\",\"@id\":\"https:\/\/gestionesaio.com\/servicios\/#breadcrumb\",\"itemListElement\":[{\"@type\":\"ListItem\",\"position\":1,\"name\":\"Portada\",\"item\":\"https:\/\/gestionesaio.com\/\"},{\"@type\":\"ListItem\",\"position\":2,\"name\":\"Servicios\"}]},{\"@type\":\"WebSite\",\"@id\":\"https:\/\/gestionesaio.com\/#website\",\"url\":\"https:\/\/gestionesaio.com\/\",\"name\":\"AIO Asesor\u00eda\",\"description\":\"AIO Asesor\u00eda\",\"publisher\":{\"@id\":\"https:\/\/gestionesaio.com\/#organization\"},\"potentialAction\":[{\"@type\":\"SearchAction\",\"target\":{\"@type\":\"EntryPoint\",\"urlTemplate\":\"https:\/\/gestionesaio.com\/?s={search_term_string}\"},\"query-input\":{\"@type\":\"PropertyValueSpecification\",\"valueRequired\":true,\"valueName\":\"search_term_string\"}}],\"inLanguage\":\"eu\"},{\"@type\":\"Organization\",\"@id\":\"https:\/\/gestionesaio.com\/#organization\",\"name\":\"AIO Asesor\u00eda\",\"url\":\"https:\/\/gestionesaio.com\/\",\"logo\":{\"@type\":\"ImageObject\",\"inLanguage\":\"eu\",\"@id\":\"https:\/\/gestionesaio.com\/#\/schema\/logo\/image\/\",\"url\":\"https:\/\/gestionesaio.com\/wp-content\/uploads\/2023\/12\/cropped-6ee7725e108c51614c25c297d92f3740_AIOGESTIONESAsesoriaLOGOB.png\",\"contentUrl\":\"https:\/\/gestionesaio.com\/wp-content\/uploads\/2023\/12\/cropped-6ee7725e108c51614c25c297d92f3740_AIOGESTIONESAsesoriaLOGOB.png\",\"width\":1877,\"height\":1131,\"caption\":\"AIO Asesor\u00eda\"},\"image\":{\"@id\":\"https:\/\/gestionesaio.com\/#\/schema\/logo\/image\/\"}}]}<\/script>\n<!-- \/ Yoast SEO plugin. -->","yoast_head_json":{"title":"Servicios - AIO Asesor\u00eda","robots":{"index":"index","follow":"follow","max-snippet":"max-snippet:-1","max-image-preview":"max-image-preview:large","max-video-preview":"max-video-preview:-1"},"canonical":"https:\/\/gestionesaio.com\/eu\/servicios\/","og_locale":"en_US","og_type":"article","og_title":"Servicios - AIO Asesor\u00eda","og_description":"SERVICIOS Laboral Delega en nosotros toda tu gesti\u00f3n de n\u00f3minas y contratos y todos los tr\u00e1mites laborales (INEM, Seguridad Social..).Tendr\u00e1s toda la informaci\u00f3n que necesitas siempre actualizada y disponible :\u2022 N\u00f3minas\u2022 Contratos\u2022 Altas, bajas y modificaciones de contratos\u2022 Comunicaciones de contratos en el INEM\u2022 Seguros Sociales\u2022 Bonificaciones de la Seguridad Social T\u00fa nos env\u00edas los [&hellip;]","og_url":"https:\/\/gestionesaio.com\/eu\/servicios\/","og_site_name":"AIO Asesor\u00eda","article_modified_time":"2023-12-07T16:34:22+00:00","twitter_card":"summary_large_image","twitter_misc":{"Est. reading time":"4 minutua"},"schema":{"@context":"https:\/\/schema.org","@graph":[{"@type":"WebPage","@id":"https:\/\/gestionesaio.com\/servicios\/","url":"https:\/\/gestionesaio.com\/servicios\/","name":"Servicios - AIO Asesor\u00eda","isPartOf":{"@id":"https:\/\/gestionesaio.com\/#website"},"datePublished":"2023-12-07T10:20:19+00:00","dateModified":"2023-12-07T16:34:22+00:00","breadcrumb":{"@id":"https:\/\/gestionesaio.com\/servicios\/#breadcrumb"},"inLanguage":"eu","potentialAction":[{"@type":"ReadAction","target":["https:\/\/gestionesaio.com\/servicios\/"]}]},{"@type":"BreadcrumbList","@id":"https:\/\/gestionesaio.com\/servicios\/#breadcrumb","itemListElement":[{"@type":"ListItem","position":1,"name":"Portada","item":"https:\/\/gestionesaio.com\/"},{"@type":"ListItem","position":2,"name":"Servicios"}]},{"@type":"WebSite","@id":"https:\/\/gestionesaio.com\/#website","url":"https:\/\/gestionesaio.com\/","name":"AIO Asesor\u00eda","description":"AIO Asesor\u00eda","publisher":{"@id":"https:\/\/gestionesaio.com\/#organization"},"potentialAction":[{"@type":"SearchAction","target":{"@type":"EntryPoint","urlTemplate":"https:\/\/gestionesaio.com\/?s={search_term_string}"},"query-input":{"@type":"PropertyValueSpecification","valueRequired":true,"valueName":"search_term_string"}}],"inLanguage":"eu"},{"@type":"Organization","@id":"https:\/\/gestionesaio.com\/#organization","name":"AIO Asesor\u00eda","url":"https:\/\/gestionesaio.com\/","logo":{"@type":"ImageObject","inLanguage":"eu","@id":"https:\/\/gestionesaio.com\/#\/schema\/logo\/image\/","url":"https:\/\/gestionesaio.com\/wp-content\/uploads\/2023\/12\/cropped-6ee7725e108c51614c25c297d92f3740_AIOGESTIONESAsesoriaLOGOB.png","contentUrl":"https:\/\/gestionesaio.com\/wp-content\/uploads\/2023\/12\/cropped-6ee7725e108c51614c25c297d92f3740_AIOGESTIONESAsesoriaLOGOB.png","width":1877,"height":1131,"caption":"AIO Asesor\u00eda"},"image":{"@id":"https:\/\/gestionesaio.com\/#\/schema\/logo\/image\/"}}]}},"_links":{"self":[{"href":"https:\/\/gestionesaio.com\/eu\/wp-json\/wp\/v2\/pages\/24","targetHints":{"allow":["GET"]}}],"collection":[{"href":"https:\/\/gestionesaio.com\/eu\/wp-json\/wp\/v2\/pages"}],"about":[{"href":"https:\/\/gestionesaio.com\/eu\/wp-json\/wp\/v2\/types\/page"}],"author":[{"embeddable":true,"href":"https:\/\/gestionesaio.com\/eu\/wp-json\/wp\/v2\/users\/1"}],"replies":[{"embeddable":true,"href":"https:\/\/gestionesaio.com\/eu\/wp-json\/wp\/v2\/comments?post=24"}],"version-history":[{"count":46,"href":"https:\/\/gestionesaio.com\/eu\/wp-json\/wp\/v2\/pages\/24\/revisions"}],"predecessor-version":[{"id":284,"href":"https:\/\/gestionesaio.com\/eu\/wp-json\/wp\/v2\/pages\/24\/revisions\/284"}],"wp:attachment":[{"href":"https:\/\/gestionesaio.com\/eu\/wp-json\/wp\/v2\/media?parent=24"}],"curies":[{"name":"wp","href":"https:\/\/api.w.org\/{rel}","templated":true}]}}